{"id":365,"date":"2013-02-21T12:32:08","date_gmt":"2013-02-21T11:32:08","guid":{"rendered":"https:\/\/dsav.net\/web\/?page_id=365"},"modified":"2013-05-15T15:15:57","modified_gmt":"2013-05-15T14:15:57","slug":"servicios","status":"publish","type":"page","link":"https:\/\/dsav.net\/index.php\/servicios\/","title":{"rendered":"Servicios"},"content":{"rendered":"<p style=\"text-align: justify;\"><span style=\"color: #000000; font-family: helvetica;\">DSA ofrece sus servicios de soporte e instalaci\u00f3n a los clientes que los contraten. Pueden optar por el Soporte SATINFO y por diversas tipolog\u00edas de instalaciones y mantenimiento.<\/span><\/p>\n<p><img loading=\"lazy\" decoding=\"async\" width=\"920\" height=\"200\" class=\" wp-image-541 alignleft colorbox-365\" alt=\"Banner DSA\" src=\"https:\/\/dsav.net\/wp-content\/uploads\/2013\/02\/banner_servicios.jpg\" srcset=\"https:\/\/dsav.net\/wp-content\/uploads\/2013\/02\/banner_servicios.jpg 920w, https:\/\/dsav.net\/wp-content\/uploads\/2013\/02\/banner_servicios-300x65.jpg 300w\" sizes=\"auto, (max-width: 920px) 100vw, 920px\" \/><\/p>\n<p style=\"text-align: justify;\"><span style=\"color: #ffffff;\">&#8212;<\/span><\/p>\n<p style=\"text-align: justify;\"><strong><span style=\"font-family: helvetica; font-size: large; color: #008000;\">UTILIDADES Y SERVICIOS<\/span><\/strong><\/p>\n<p style=\"text-align: justify;\"><span style=\"color: #000000; font-family: helvetica;\">SATINFO es mayorista Oficial de McAfee en Espa\u00f1a desde 1993 y de otros fabricantes de seguridad inform\u00e1tica con servicios a\u00f1adidos. Usted puede contratar el <strong>soporte SATINFO<\/strong>, que ofrece el servicio indispensable para que todo usuario pueda recibir no s\u00f3lo el software de base necesario, sino las instrucciones, pantallas de ayuda y asesoramiento para una correcta utilizaci\u00f3n del software antivirus en cada caso. Todo ello complementando los programas antivirus internacionales con <strong>utilidades<\/strong> propias que permiten solucionar cada caso que se presenta. Dispone, pues, de un <strong>servicio de asesoramiento t\u00e9cnico<\/strong> que ofrece la m\u00e1xima experiencia en dicho campo, gracias a la especializaci\u00f3n de t\u00e9cnicos cualificados.<\/span><\/p>\n<p style=\"text-align: justify;\"><span style=\"color: #ffffff;\">&#8212;<\/span><\/p>\n<p style=\"text-align: justify;\"><strong><span style=\"color: #008000; font-family: helvetica; font-size: large;\">Utilidades<\/span><\/strong><\/p>\n<p style=\"text-align: justify;\"><span style=\"color: #000000; font-family: helvetica;\">SATINFO ha desarrollado m\u00e1s de 300 utilidades, entre las que se encuentran las mundialmente conocidas que se indican a continuaci\u00f3n:<\/span><\/p>\n<p style=\"text-align: justify;\"><span style=\"color: #000000; font-family: helvetica;\"><strong>ELISTARA:<\/strong> Para detecci\u00f3n, control y eliminaci\u00f3n de troyanos.<\/span><\/p>\n<p style=\"text-align: justify;\"><span style=\"color: #000000; font-family: helvetica;\"><strong>ELITRIIP:<\/strong> Para gusanos, worms, backdoors, incluyendo la triple v\u00eda de intrusi\u00f3n por IP (RPCDCOM, LSASS, servicio servidor).<\/span><\/p>\n<p style=\"text-align: justify;\"><span style=\"color: #000000; font-family: helvetica;\"><strong>ELIBAGLA:<\/strong> Para detecci\u00f3n, control, eliminaci\u00f3n y solicitud de muestras de BAGLE\u2019s, incluyendo sus RootKits.<\/span><\/p>\n<p style=\"text-align: justify;\"><span style=\"color: #000000; font-family: helvetica;\"><strong>ELIPEN:<\/strong> Vacuna para inmunizar ordenadores y pendrives contra propagaci\u00f3n de estos virus, evitando su auto ejecuci\u00f3n.<\/span><\/p>\n<p style=\"text-align: justify;\"><span style=\"color: #000000; font-family: helvetica;\"><strong>SPROCES:<\/strong> Herramienta de investigaci\u00f3n que genera log para analizar y ver posibles causantes de anomal\u00edas no controladas.<\/span><\/p>\n<p style=\"text-align: justify;\"><span style=\"font-family: helvetica;\">Adem\u00e1s de\u00a0<strong>EliNotif,\u00a0EliPalevo,\u00a0EliMover,\u00a0Desinst\u00a0<\/strong>y otras que en cada momento\u00a0son de gran utilidad.<\/span><\/p>\n<p style=\"text-align: justify;\"><span style=\"color: #ffffff;\">&#8212;<\/span><\/p>\n<p style=\"text-align: justify;\"><strong><span style=\"color: #008000; font-family: helvetica; font-size: large;\">Servicio T\u00e9cnico<\/span><\/strong><\/p>\n<p><span style=\"font-family: helvetica;\"><span style=\"color: #000000;\">SATINFO es uno de los mejores servicios t\u00e9cnicos espa\u00f1oles\u00a0en antivirus.\u00a0<\/span><span style=\"color: #000000;\">El <strong>soporte SATINFO<\/strong> ofrece:<\/span><\/span><\/p>\n<p style=\"text-align: justify;\"><span style=\"color: #000000; font-family: helvetica;\">&#8211; Actualizaciones diarias v\u00eda web de control de \u00faltimos virus aparecidos hasta el momento, unos 50 de promedio diarios.<\/span><\/p>\n<p style=\"text-align: justify;\"><span style=\"color: #000000; font-family: helvetica;\">&#8211; Utilidades exclusivas, vacunas dise\u00f1adas y creadas por su equipo de t\u00e9cnicos que complementan las que lleva el antivirus de serie.<\/span><\/p>\n<p style=\"text-align: justify;\"><span style=\"color: #000000; font-family: helvetica;\">&#8211; Suscripci\u00f3n gratuita, para los asociados, de env\u00edo de informaci\u00f3n sobre nuevos virus (uno o dos e-mails por semana).<\/span><\/p>\n<p style=\"text-align: justify;\"><span style=\"color: #000000; font-family: helvetica;\">&#8211; Servicio telef\u00f3nico, exclusivo para los asociados, a trav\u00e9s del cual, t\u00e9cnicos especializados con m\u00e1s de 15 a\u00f1os de experiencia atienden las consultas de los usuarios y ofrecen las soluciones m\u00e1s pertinentes.<\/span><\/p>\n","protected":false},"excerpt":{"rendered":"<p>DSA ofrece sus servicios de soporte e instalaci\u00f3n a los clientes que los contraten. Pueden optar por el Soporte SATINFO y por diversas tipolog\u00edas de instalaciones y mantenimiento. &#8212; UTILIDADES Y SERVICIOS SATINFO es mayorista Oficial de McAfee en Espa\u00f1a desde 1993 y de otros fabricantes de seguridad inform\u00e1tica con servicios a\u00f1adidos. Usted puede contratar &hellip; <\/p>\n<p><a class=\"more-link block-button\" href=\"https:\/\/dsav.net\/index.php\/servicios\/\">Continuar leyendo &raquo;<\/a><\/p>\n","protected":false},"author":3,"featured_media":0,"parent":0,"menu_order":0,"comment_status":"closed","ping_status":"open","template":"template-onecolumn.php","meta":{"footnotes":""},"class_list":["post-365","page","type-page","status-publish","hentry","nodate"],"aioseo_notices":[],"_links":{"self":[{"href":"https:\/\/dsav.net\/index.php\/wp-json\/wp\/v2\/pages\/365","targetHints":{"allow":["GET"]}}],"collection":[{"href":"https:\/\/dsav.net\/index.php\/wp-json\/wp\/v2\/pages"}],"about":[{"href":"https:\/\/dsav.net\/index.php\/wp-json\/wp\/v2\/types\/page"}],"author":[{"embeddable":true,"href":"https:\/\/dsav.net\/index.php\/wp-json\/wp\/v2\/users\/3"}],"replies":[{"embeddable":true,"href":"https:\/\/dsav.net\/index.php\/wp-json\/wp\/v2\/comments?post=365"}],"version-history":[{"count":0,"href":"https:\/\/dsav.net\/index.php\/wp-json\/wp\/v2\/pages\/365\/revisions"}],"wp:attachment":[{"href":"https:\/\/dsav.net\/index.php\/wp-json\/wp\/v2\/media?parent=365"}],"curies":[{"name":"wp","href":"https:\/\/api.w.org\/{rel}","templated":true}]}}