{"id":24,"date":"2013-01-22T18:53:00","date_gmt":"2013-01-22T17:53:00","guid":{"rendered":"https:\/\/dsav.net\/web\/?page_id=24"},"modified":"2024-12-09T15:42:26","modified_gmt":"2024-12-09T14:42:26","slug":"proteccion-de-datos","status":"publish","type":"page","link":"https:\/\/dsav.net\/index.php\/productos\/proteccion-de-datos\/","title":{"rendered":"Protecci\u00f3n de Datos"},"content":{"rendered":"<p><a href=\"https:\/\/dsav.net\/wp-content\/uploads\/2024\/12\/linea-McAf-Trell-Skyg.jpg\"><img loading=\"lazy\" decoding=\"async\" class=\"alignnone wp-image-1799 size-full colorbox-24\" src=\"https:\/\/dsav.net\/wp-content\/uploads\/2024\/12\/linea-McAf-Trell-Skyg.jpg\" alt=\"\" width=\"920\" height=\"60\" srcset=\"https:\/\/dsav.net\/wp-content\/uploads\/2024\/12\/linea-McAf-Trell-Skyg.jpg 920w, https:\/\/dsav.net\/wp-content\/uploads\/2024\/12\/linea-McAf-Trell-Skyg-300x20.jpg 300w, https:\/\/dsav.net\/wp-content\/uploads\/2024\/12\/linea-McAf-Trell-Skyg-768x50.jpg 768w\" sizes=\"auto, (max-width: 920px) 100vw, 920px\" \/><\/a><\/p>\n<ul style=\"list-style-type: square;\">\n<li><b>Trellix MVISION Cloud:<\/b> Seguridad para la nube que acelera la actividad de las empresas<\/li>\n<li><b>Trellix Complete Data Protection-Advanced:<\/b> Cifrado avanzado de Endpoints.<\/li>\n<li><b>Trellix Complete Data Protection:<\/b> Soluci\u00f3n para el cifrado completo de Endpoints.<\/li>\n<li><b>Trellix Total Protection for Data Loss Prevention:<\/b> Protecci\u00f3n frente a la fuga de datos y anticipaci\u00f3n de las amenazas.<\/li>\n<li><b>Trellix Device Control:<\/b> Protecci\u00f3n de dispositivos extra\u00edbles y seguridad de los datos de los USB.<\/li>\n<li><b>Trellix DLP Monitor:<\/b> Supervisa los datos confidenciales en tiempo real para anticiparse a los riesgos.<\/li>\n<li><b>Trellix DLP Discover:<\/b> Localiza, clasifica y protege f\u00e1cilmente los datos confidenciales.<\/li>\n<li><b>Trellix DLP Endpoint:<\/b> Protecci\u00f3n integrada de datos de Endpoint.<\/li>\n<li><b>Trellix DLP Prevent:<\/b> Protege frente a la p\u00e9rdida de datos de correos electr\u00f3nicos, mensajes instant\u00e1neos y en la Web.<\/li>\n<\/ul>\n<p><span style=\"text-decoration: underline; color: #000000;\"><strong><img loading=\"lazy\" decoding=\"async\" width=\"920\" height=\"60\" class=\"alignnone wp-image-468 colorbox-24\" src=\"https:\/\/dsav.net\/wp-content\/uploads\/2013\/01\/banner_GFI1.jpg\" alt=\"GFI\" srcset=\"https:\/\/dsav.net\/wp-content\/uploads\/2013\/01\/banner_GFI1.jpg 920w, https:\/\/dsav.net\/wp-content\/uploads\/2013\/01\/banner_GFI1-300x19.jpg 300w\" sizes=\"auto, (max-width: 920px) 100vw, 920px\" \/><\/strong><\/span><\/p>\n<ul>\n<li><span style=\"color: #000000;\"><a href=\"http:\/\/www.gfihispana.com\/~\/media\/files\/datasheets\/esec\/gfiendpointsecuritybrochurea4_es_gen.ashx\" target=\"_blank\" rel=\"noopener noreferrer\">GFI EndPointSecurity<\/a><\/span><\/li>\n<\/ul>\n","protected":false},"excerpt":{"rendered":"<p>Trellix MVISION Cloud: Seguridad para la nube que acelera la actividad de las empresas Trellix Complete Data Protection-Advanced: Cifrado avanzado de Endpoints. Trellix Complete Data Protection: Soluci\u00f3n para el cifrado completo de Endpoints. Trellix Total Protection for Data Loss Prevention: Protecci\u00f3n frente a la fuga de datos y anticipaci\u00f3n de las amenazas. Trellix Device Control: &hellip; <\/p>\n<p><a class=\"more-link block-button\" href=\"https:\/\/dsav.net\/index.php\/productos\/proteccion-de-datos\/\">Continuar leyendo &raquo;<\/a><\/p>\n","protected":false},"author":3,"featured_media":0,"parent":5,"menu_order":1,"comment_status":"closed","ping_status":"open","template":"template-onecolumn.php","meta":{"footnotes":""},"class_list":["post-24","page","type-page","status-publish","hentry","nodate"],"aioseo_notices":[],"_links":{"self":[{"href":"https:\/\/dsav.net\/index.php\/wp-json\/wp\/v2\/pages\/24","targetHints":{"allow":["GET"]}}],"collection":[{"href":"https:\/\/dsav.net\/index.php\/wp-json\/wp\/v2\/pages"}],"about":[{"href":"https:\/\/dsav.net\/index.php\/wp-json\/wp\/v2\/types\/page"}],"author":[{"embeddable":true,"href":"https:\/\/dsav.net\/index.php\/wp-json\/wp\/v2\/users\/3"}],"replies":[{"embeddable":true,"href":"https:\/\/dsav.net\/index.php\/wp-json\/wp\/v2\/comments?post=24"}],"version-history":[{"count":0,"href":"https:\/\/dsav.net\/index.php\/wp-json\/wp\/v2\/pages\/24\/revisions"}],"up":[{"embeddable":true,"href":"https:\/\/dsav.net\/index.php\/wp-json\/wp\/v2\/pages\/5"}],"wp:attachment":[{"href":"https:\/\/dsav.net\/index.php\/wp-json\/wp\/v2\/media?parent=24"}],"curies":[{"name":"wp","href":"https:\/\/api.w.org\/{rel}","templated":true}]}}