{"id":236,"date":"2013-02-08T12:17:14","date_gmt":"2013-02-08T11:17:14","guid":{"rendered":"https:\/\/dsav.net\/web\/?page_id=236"},"modified":"2024-12-09T15:19:25","modified_gmt":"2024-12-09T14:19:25","slug":"fabricantes-mcafee","status":"publish","type":"page","link":"https:\/\/dsav.net\/index.php\/fabricantes-mcafee\/","title":{"rendered":"Trellix\/McAfee"},"content":{"rendered":"<p><a href=\"https:\/\/dsav.net\/wp-content\/uploads\/2024\/12\/linea-McAf-Trell-Skyg.jpg\"><img loading=\"lazy\" decoding=\"async\" class=\"alignnone wp-image-1799 size-full colorbox-236\" src=\"https:\/\/dsav.net\/wp-content\/uploads\/2024\/12\/linea-McAf-Trell-Skyg.jpg\" alt=\"\" width=\"920\" height=\"60\" srcset=\"https:\/\/dsav.net\/wp-content\/uploads\/2024\/12\/linea-McAf-Trell-Skyg.jpg 920w, https:\/\/dsav.net\/wp-content\/uploads\/2024\/12\/linea-McAf-Trell-Skyg-300x20.jpg 300w, https:\/\/dsav.net\/wp-content\/uploads\/2024\/12\/linea-McAf-Trell-Skyg-768x50.jpg 768w\" sizes=\"auto, (max-width: 920px) 100vw, 920px\" \/><\/a><\/p>\n<p><span style=\"font-size: medium; color: #008000;\"><strong>DSA &#8211; PARTNER ELITE <\/strong><\/span><\/p>\n<p><span style=\"font-size: medium;\"><strong>M\u00c1XIMA CERTIFICACI\u00d3N DE McAFEE (exclusividad de venta de productos de valor DLP, Network&#8230;)<\/strong><\/span><\/p>\n<p>&nbsp;<\/p>\n<h1><span style=\"color: #008000;\"><strong>Antivirus\/Antispyware\/Antispam<\/strong><\/span><\/h1>\n<ul style=\"list-style-type: circle;\">\n<li><span style=\"color: #000000;\"><b>McAfee MVISION Endpoint:<\/b> Seguridad avanzada para los endpoints de los entornos Windows 10.<\/span><\/li>\n<li><span style=\"color: #000000;\"><b>McAfee MVISION Mobile:<\/b> Seguridad m\u00f3vil para las empresas modernas.<\/span><\/li>\n<li><span style=\"color: #000000;\"><b>Mcafee Endpoint Security:<\/b> Defensa inteligente y de colaboraci\u00f3n contra amenazas avanzadas.<\/span><\/li>\n<li><span style=\"color: #000000;\"><b>McAfee MVISION EDR:<\/b> Detecci\u00f3n de amenazas, investigaci\u00f3n y respuesta potentes y simplificadas.<\/span><\/li>\n<li><span style=\"color: #000000;\"><b>McAfee Embedded Control:<\/b> Defensa moderna para los dispositivos en los que conf\u00eda.<\/span><\/li>\n<li><span style=\"color: #000000;\"><u><b>SUITES GESTIONADAS CON ePO:<\/b><\/u><\/span>\n<ul style=\"list-style-type: circle;\">\n<li><span style=\"color: #000000;\"><u><b><\/b><\/u><b>McAfee <\/b><b>Endpoint Protection for SMB \u2013 Essential (TSH):<\/b> Seguridad inteligente, simple y flexible para peque\u00f1as empresas.<\/span><\/li>\n<li><span style=\"color: #000000;\"><b>McAfee Endpoint Protection Suite (EPS):<\/b> Protecci\u00f3n de los sistemas de Windows, Mac y Linux con la seguridad esencial para endpoints y datos.<\/span><\/li>\n<li><span style=\"color: #000000;\"><b>McAfee Endpoint Complete Enterprise <\/b><b>(CEE)<\/b><b>:<\/b> Defensa robusta, r\u00e1pida y escalable para todos los dispositivos.<\/span><\/li>\n<li><span style=\"color: #000000;\"><strong>McAfee Endpoint Threat Protection (ETP):<\/strong> protecci\u00f3n esencial y eficaz para endpoints frente a las amenazas avanzadas.<\/span><\/li>\n<li><span style=\"color: #000000;\"><strong>McAfee Complete Endpoint Threat Protection (CTP):<\/strong> defensas directas frente a amenazas avanzadas.<\/span><\/li>\n<li><span style=\"color: #000000;\"><strong>McAfee Endpoint Threat Defense (ETD):<\/strong> detecte y contenga las amenazas tanto conocidas como desconocidas.<\/span><\/li>\n<li><span style=\"color: #000000;\"><strong>McAfee Endpoint Threat Defense and Respones (EDR):<\/strong> detecte, persiga, contenga y elimine las amenazas avanzadas.<\/span><\/li>\n<\/ul>\n<\/li>\n<li><span style=\"color: #000000;\"><b>McAfee ePolicy Orchestrator:<\/b> Conectar. Administrar. Automatizar.<\/span><\/li>\n<li><span style=\"color: #000000;\"><b>McAfee MVISION ePO:<\/b> Un \u00fanico punto de visibilidad y control desde cualquier sitio.<\/span><\/li>\n<li><span style=\"color: #000000;\"><b>McAfee Threat Intelligence Exchange:<\/b> Detecci\u00f3n y respuesta a amenazas adaptable, en tiempo real.<\/span><\/li>\n<\/ul>\n<h1><span style=\"color: #008000;\"><strong>Protecci\u00f3n de datos<\/strong><\/span><\/h1>\n<ul style=\"list-style-type: circle;\">\n<li><span style=\"color: #000000;\"><b>McAfee MVISION Cloud:<\/b> Seguridad para la nube que acelera la actividad de las empresas <\/span><\/li>\n<li><span style=\"color: #000000;\"><b>McAfee Complete Data Protection-Advanced:<\/b> Cifrado avanzado de Endpoints.<\/span><\/li>\n<li><span style=\"color: #000000;\"><b>McAfee Complete Data Protection:<\/b> Soluci\u00f3n para el cifrado completo de Endpoints.<\/span><\/li>\n<li><span style=\"color: #000000;\"><b>McAfee Total Protection for Data Loss Prevention:<\/b> Protecci\u00f3n frente a la fuga de datos y anticipaci\u00f3n de las amenazas.<\/span><\/li>\n<li><span style=\"color: #000000;\"><b>McAfee Device Control:<\/b> Protecci\u00f3n de dispositivos extra\u00edbles y seguridad de los datos de los USB.<\/span><\/li>\n<li><span style=\"color: #000000;\"><b>McAfee DLP Monitor:<\/b> Supervisa los datos confidenciales en tiempo real para anticiparse a los riesgos.<\/span><\/li>\n<li><span style=\"color: #000000;\"><b>McAfee DLP Discover:<\/b> Localiza, clasifica y protege f\u00e1cilmente los datos confidenciales.<\/span><\/li>\n<li><span style=\"color: #000000;\"><b>McAfee DLP Endpoint:<\/b> Protecci\u00f3n integrada de datos de Endpoint.<\/span><\/li>\n<li><span style=\"color: #000000;\"><b>McAfee DLP Prevent:<\/b> Protege frente a la p\u00e9rdida de datos de correos electr\u00f3nicos, mensajes instant\u00e1neos y en la Web.<\/span><\/li>\n<\/ul>\n<h1><strong><span style=\"color: #008000;\">Seguridad en la red<\/span><\/strong><\/h1>\n<ul>\n<li><span style=\"color: #000000;\"><b>McAfee Network Security Platform:<\/b> Protecci\u00f3n por IPS (Intrusion Prevention System) y rendimiento incomparables.<\/span><\/li>\n<li><span style=\"color: #000000;\"><b>McAfee Virtual Network Security Platform:<\/b> Protecci\u00f3n inteligente frente a amenazas para redes virtuales<\/span><\/li>\n<li><span style=\"color: #000000;\"><b>McAfee Advanced Threat Defense: <\/b>Detecci\u00f3n avanzada del malware sigiloso tipo zero-day.<\/span><\/li>\n<\/ul>\n<h1><span style=\"color: #008000;\"><strong>Seguridad web<\/strong><\/span><\/h1>\n<ul>\n<li><span style=\"color: #000000;\"><b>McAfee Web Protection:<\/b> Seguridad web para todos los dispositivos, usuarios y ubicaciones.<\/span><\/li>\n<li><span style=\"color: #000000;\"><b>McAfee Web Gateway:<\/b> Seguridad web local de alto rendimiento.<\/span><\/li>\n<li><span style=\"color: #000000;\"><b>McAfee Web Gateway Cloud Service:<\/b> Seguridad web a trav\u00e9s de la nube para usuarios, donde quiera que est\u00e9n.<\/span><\/li>\n<\/ul>\n<h1><span style=\"color: #008000;\"><strong>Seguridad para la nube<\/strong><\/span><\/h1>\n<ul>\n<li><span style=\"color: #000000;\"><b>McAfee MVISION Cloud:<\/b> Seguridad para la nube que acelera la actividad de las empresas. <\/span><\/li>\n<li><span style=\"color: #000000;\"><b>McAfee Cloud Workload Security: <\/b>Automatice y simplifique la defensa de las cargas de trabajo y los contenedores de las nubes h\u00edbridas.<\/span><\/li>\n<li><span style=\"color: #000000;\"><b>McAfee Virtual Network Security Platform:<\/b> Protecci\u00f3n inteligente frente a amenazas para redes virtuales.<\/span><\/li>\n<\/ul>\n<h1><span style=\"color: #008000;\"><strong>Seguridad de servidores<\/strong><\/span><\/h1>\n<ul>\n<li><span style=\"color: #000000;\"><b>McAfee Cloud Workload Security: <\/b>Automatice y simplifique la defensa de las cargas de trabajo y los contenedores de las nubes h\u00edbridas.<\/span><\/li>\n<li><span style=\"color: #000000;\"><b>McAfee Application Control:<\/b> Gesti\u00f3n centralizada de listas blancas.<\/span><\/li>\n<li><span style=\"color: #000000;\"><b>McAfee Change Control:<\/b> Impida que se realicen cambios no autorizados y automatice los controles de conformidad.<\/span><\/li>\n<li><span style=\"color: #000000;\"><b>McAfee Host Intrusion prevention for Server:<\/b> Protecci\u00f3n proactiva frente a amenazas zero-day en servidores.<\/span><\/li>\n<li><span style=\"color: #000000;\"><b>McAfee MOVE Antivirus:<\/b> Protecci\u00f3n proactiva frente a amenazas zero-day en servidores.<\/span><\/li>\n<li><span style=\"color: #000000;\"><b>McAfee Viruscan Enterprise for Storage:<\/b> Seguridad antimalware para dispositivos de almacenamiento conectados a las redes.<\/span><\/li>\n<\/ul>\n<h1><span style=\"color: #008000;\"><strong>An\u00e1lisis de seguridad<\/strong><\/span><\/h1>\n<ul>\n<li><span style=\"color: #000000;\"><b>McAfee Investigator: <\/b>Detecci\u00f3n de amenazas, investigaci\u00f3n y respuesta potentes y simplificadas.<\/span><\/li>\n<li><span style=\"color: #000000;\"><b>McAfee Advanced Threat Defense: <\/b>Detecci\u00f3n avanzada del malware sigiloso tipo zero-day.<\/span><\/li>\n<li><span style=\"color: #000000;\"><b>McAfee SIEM:<\/b> Informaci\u00f3n de seguridad y administraci\u00f3n de eventos.<\/span><\/li>\n<li><span style=\"color: #000000;\"><b>McAfee Active Response:<\/b> Detecci\u00f3n y respuesta global frente amenazas para endpoints.<\/span><\/li>\n<li><span style=\"color: #000000;\"><b>McAfee MVISION EDR:<\/b> Detecci\u00f3n de amenazas, investigaci\u00f3n y respuesta potentes y simplificadas.<\/span><\/li>\n<\/ul>\n<h1><span style=\"color: #008000;\"><strong>SIEM<\/strong><\/span><\/h1>\n<ul>\n<li><span style=\"color: #000000;\"><b>McAfee Enterprise Security Manager:<\/b> Identifique, investigue y resuelva las amenazas r\u00e1pidamente.<\/span><\/li>\n<li><span style=\"color: #000000;\"><b>McAfee Investigator: <\/b>Detecci\u00f3n de amenazas, investigaci\u00f3n y respuesta potentes y simplificadas.<\/span><\/li>\n<li><span style=\"color: #000000;\"><b>McAfee MVISION EDR:<\/b> Detecci\u00f3n de amenazas, investigaci\u00f3n y respuesta potentes y simplificadas.<\/span><\/li>\n<li><span style=\"color: #000000;\"><b>McAfee Advanced Correlation Engine: <\/b>Detecte las amenazas en funci\u00f3n de lo que valora.<\/span><\/li>\n<li><span style=\"color: #000000;\"><b>McAfee Application Data Monitor:<\/b> Detecte las amenazas ocultas con la inspecci\u00f3n de la capa de aplicaciones.<\/span><\/li>\n<li><span style=\"color: #000000;\"><b>McAfee Enterprise Log Manager:<\/b> Gesti\u00f3n de registros inteligente.<\/span><\/li>\n<li><span style=\"color: #000000;\"><b>McAfee Event Receiver:<\/b> Recopilaci\u00f3n completa y correlaci\u00f3n exhaustiva.<\/span><\/li>\n<li><span style=\"color: #000000;\"><b>McAfee Global Threat Intelligence for Enterprise Security Manager:<\/b> Incorpore la potencia de McAfee Labs a la supervisi\u00f3n de la seguridad de su empresa.<\/span><\/li>\n<li><span style=\"color: #000000;\"><b>McAfee Enterprise Log Search:<\/b> B\u00fasqueda ultrarr\u00e1pida de registros sin formato.<\/span><\/li>\n<\/ul>\n","protected":false},"excerpt":{"rendered":"<p>DSA &#8211; PARTNER ELITE M\u00c1XIMA CERTIFICACI\u00d3N DE McAFEE (exclusividad de venta de productos de valor DLP, Network&#8230;) &nbsp; Antivirus\/Antispyware\/Antispam McAfee MVISION Endpoint: Seguridad avanzada para los endpoints de los entornos Windows 10. McAfee MVISION Mobile: Seguridad m\u00f3vil para las empresas modernas. Mcafee Endpoint Security: Defensa inteligente y de colaboraci\u00f3n contra amenazas avanzadas. McAfee MVISION EDR: &hellip; <\/p>\n<p><a class=\"more-link block-button\" href=\"https:\/\/dsav.net\/index.php\/fabricantes-mcafee\/\">Continuar leyendo &raquo;<\/a><\/p>\n","protected":false},"author":3,"featured_media":0,"parent":0,"menu_order":0,"comment_status":"closed","ping_status":"open","template":"template-onecolumn.php","meta":{"footnotes":""},"class_list":["post-236","page","type-page","status-publish","hentry","nodate"],"aioseo_notices":[],"_links":{"self":[{"href":"https:\/\/dsav.net\/index.php\/wp-json\/wp\/v2\/pages\/236","targetHints":{"allow":["GET"]}}],"collection":[{"href":"https:\/\/dsav.net\/index.php\/wp-json\/wp\/v2\/pages"}],"about":[{"href":"https:\/\/dsav.net\/index.php\/wp-json\/wp\/v2\/types\/page"}],"author":[{"embeddable":true,"href":"https:\/\/dsav.net\/index.php\/wp-json\/wp\/v2\/users\/3"}],"replies":[{"embeddable":true,"href":"https:\/\/dsav.net\/index.php\/wp-json\/wp\/v2\/comments?post=236"}],"version-history":[{"count":0,"href":"https:\/\/dsav.net\/index.php\/wp-json\/wp\/v2\/pages\/236\/revisions"}],"wp:attachment":[{"href":"https:\/\/dsav.net\/index.php\/wp-json\/wp\/v2\/media?parent=236"}],"curies":[{"name":"wp","href":"https:\/\/api.w.org\/{rel}","templated":true}]}}