{"id":18,"date":"2013-01-22T18:49:37","date_gmt":"2013-01-22T17:49:37","guid":{"rendered":"https:\/\/dsav.net\/web\/?page_id=18"},"modified":"2021-09-27T08:48:14","modified_gmt":"2021-09-27T07:48:14","slug":"dsa-en-los-medios","status":"publish","type":"page","link":"https:\/\/dsav.net\/index.php\/prensa\/dsa-en-los-medios\/","title":{"rendered":"DSA en los medios"},"content":{"rendered":"<p><span style=\"color: #000000;\"><img loading=\"lazy\" decoding=\"async\" width=\"920\" height=\"200\" class=\" wp-image-687 alignnone colorbox-18\" src=\"https:\/\/dsav.net\/wp-content\/uploads\/2013\/01\/banner_medios.jpg\" alt=\"DSA en los medios\" srcset=\"https:\/\/dsav.net\/wp-content\/uploads\/2013\/01\/banner_medios.jpg 920w, https:\/\/dsav.net\/wp-content\/uploads\/2013\/01\/banner_medios-300x65.jpg 300w\" sizes=\"auto, (max-width: 920px) 100vw, 920px\" \/><\/span><\/p>\n<ul>\n<li><span style=\"color: #000000;\"><a style=\"color: #000000;\" href=\"https:\/\/www.linkedin.com\/posts\/hornetsecurity_cloudsecurity-hornetsecurity-phishing-activity-6847075975541374976-8UtL\" target=\"_blank\" rel=\"noopener\">Premio de Computing Espa\u00f1a para DSA y Laboratori de Refer\u00e8ncia de Catalunya SA (Hornetsecurity, 25 sept 2021)<\/a><\/span><\/li>\n<li><span style=\"color: #000000;\"><a href=\"http:\/\/www.dealerworld.es\/distribucion\/kaspersky-reune-a-un-centenar-de-distribuidores-en-su-ii-partner-conference\" target=\"_blank\" rel=\"noopener\"><span style=\"color: #000000;\">Kaspersky re\u00fane a un centenar de distribuidores en su II Partner Conference (Dealer World, 17 abr <\/span><\/a>2013)<\/span><\/li>\n<li><a href=\"http:\/\/www.channelpartner.es\/fabricantes\/noticias\/1066888001102\/kaspersky-muestra-lineas-estrategicas.1.html\" target=\"_blank\" rel=\"noopener\"><span style=\"color: #000000;\">Kaspersky muestra sus l\u00edneas estrat\u00e9gicas a los partners espa\u00f1oles (Channel Partner, 16 abr 2013)<\/span><\/a><\/li>\n<li><a href=\"http:\/\/www.channelbiz.es\/2013\/04\/15\/kaspersky-renueva-su-apoyo-al-canal-en-su-ii-partner-conference\/\" target=\"_blank\" rel=\"noopener\"><span style=\"color: #000000;\">Kaspersky renueva su apoyo al canal en su II Partner Conference (Channel Biz, 15 abr 2013)<\/span><\/a><\/li>\n<li><span style=\"color: #000000;\"><a href=\"http:\/\/www.kaspersky.com\/sp\/about\/news\/events\/2011\/Kaspersky_Lab_celebra_con_exito_su_I_Conferencia_de_Partners_de_Iberia\" target=\"_blank\" rel=\"noopener\"><span style=\"color: #000000;\">Kaspersky Lab celebra con \u00e9xito su I Conferencia de Partners de Iberia (Kaspersky Lab, feb 2013)<\/span><\/a><\/span><\/li>\n<li><a href=\"http:\/\/www.portalinformatico.com\/newsbook\/canal\/dsa-convierte-nuevo-distribuidor-acronis-201202217426.htm\" target=\"_blank\" rel=\"noopener\"><span style=\"color: #000000;\">DSA se convierte en el nuevo distribuidor de Acronis (Portal Inform\u00e1tico &#8211; Newsbook, Febr 2012)<\/span><\/a><\/li>\n<li><a href=\"http:\/\/www.channelbiz.es\/2012\/02\/22\/dsa-se-convierte-en-el-nuevo-distribuidor-de-acronis\/\" target=\"_blank\" rel=\"noopener\"><span style=\"color: #000000;\">DSA se convierte en el nuevo distribuidor de Acronis (Channelbiz.es, Feb 2012)<\/span><\/a><\/li>\n<li><a href=\"https:\/\/dsav.net\/wp-content\/uploads\/2013\/01\/Channel-uniLeon1.jpg\" target=\"_blank\" rel=\"noopener\"><span style=\"color: #000000;\">Universidad de Le\u00f3n &#8211; Caso pr\u00e1ctico (Channel Partner, Ene 2012)<\/span><\/a><\/li>\n<li><a href=\"http:\/\/www.channelpartner.es\/soluciones\/casos-exito\/1043829002802\/dsa-equipa-antivirus-eset-mas-5.000.1.html\" target=\"_blank\" rel=\"noopener\"><span style=\"color: #000000;\">DSA equipa con antivirus de ESET m\u00e1s de 5000 ordenadores de la Universidad de Le\u00f3n (Channelpartner.es, Ene 2012)<\/span><\/a><\/li>\n<li><span style=\"color: #000000;\"><a href=\"http:\/\/www.socinfo.es\/admon-publica\/2188-la-universidad-de-leon-mejora-la-seguridad-en-sus-puestos-de-trabajo-\" target=\"_blank\" rel=\"noopener\"><span style=\"color: #000000;\">La Universidad de Le\u00f3n mejora la seguridad en sus puestos de trabajo (Socinfo.es, Nov 2011)<\/span><\/a><\/span><\/li>\n<li><a href=\"http:\/\/www.eset.es\/soporte\/303\" target=\"_blank\" rel=\"noopener\"><span style=\"color: #000000;\">Con m\u00e1s de 10.000 licencias instaladas, la Universidad ha reducido en un 90% las incidencias relacionadas con virus, lo que ha incrementado un 10% la productividad (Eset.es, Nov 2011)<\/span><\/a><\/li>\n<li><a href=\"https:\/\/dsav.net\/wp-content\/uploads\/2013\/01\/Channel-uniLeon2.jpg\" target=\"_blank\" rel=\"noopener\"><span style=\"color: #000000;\">La Universidad de Le\u00f3n automatiza la seguridad de su infraestructura (Revista TCN, Nov 2011)<\/span><\/a><\/li>\n<\/ul>\n","protected":false},"excerpt":{"rendered":"<p>Premio de Computing Espa\u00f1a para DSA y Laboratori de Refer\u00e8ncia de Catalunya SA (Hornetsecurity, 25 sept 2021) Kaspersky re\u00fane a un centenar de distribuidores en su II Partner Conference (Dealer World, 17 abr 2013) Kaspersky muestra sus l\u00edneas estrat\u00e9gicas a los partners espa\u00f1oles (Channel Partner, 16 abr 2013) Kaspersky renueva su apoyo al canal en &hellip; <\/p>\n<p><a class=\"more-link block-button\" href=\"https:\/\/dsav.net\/index.php\/prensa\/dsa-en-los-medios\/\">Continuar leyendo &raquo;<\/a><\/p>\n","protected":false},"author":3,"featured_media":0,"parent":11,"menu_order":0,"comment_status":"closed","ping_status":"open","template":"template-onecolumn.php","meta":{"footnotes":""},"class_list":["post-18","page","type-page","status-publish","hentry","nodate"],"aioseo_notices":[],"_links":{"self":[{"href":"https:\/\/dsav.net\/index.php\/wp-json\/wp\/v2\/pages\/18","targetHints":{"allow":["GET"]}}],"collection":[{"href":"https:\/\/dsav.net\/index.php\/wp-json\/wp\/v2\/pages"}],"about":[{"href":"https:\/\/dsav.net\/index.php\/wp-json\/wp\/v2\/types\/page"}],"author":[{"embeddable":true,"href":"https:\/\/dsav.net\/index.php\/wp-json\/wp\/v2\/users\/3"}],"replies":[{"embeddable":true,"href":"https:\/\/dsav.net\/index.php\/wp-json\/wp\/v2\/comments?post=18"}],"version-history":[{"count":0,"href":"https:\/\/dsav.net\/index.php\/wp-json\/wp\/v2\/pages\/18\/revisions"}],"up":[{"embeddable":true,"href":"https:\/\/dsav.net\/index.php\/wp-json\/wp\/v2\/pages\/11"}],"wp:attachment":[{"href":"https:\/\/dsav.net\/index.php\/wp-json\/wp\/v2\/media?parent=18"}],"curies":[{"name":"wp","href":"https:\/\/api.w.org\/{rel}","templated":true}]}}