{"id":132,"date":"2013-02-05T12:54:11","date_gmt":"2013-02-05T11:54:11","guid":{"rendered":"https:\/\/dsav.net\/web\/?page_id=132"},"modified":"2013-05-07T00:18:45","modified_gmt":"2013-05-06T23:18:45","slug":"dsa-nuevo-distribuidor-de-acronis-feb-2012","status":"publish","type":"page","link":"https:\/\/dsav.net\/index.php\/dsa-nuevo-distribuidor-de-acronis-feb-2012\/","title":{"rendered":"DSA, nuevo distribuidor de Acronis (Feb 2012)"},"content":{"rendered":"<p style=\"text-align: justify;\"><strong><span style=\"color: #000000;\"><i>Reseller<\/i><i> y fabricante estrechan lazos para desarrollar proyectos conjuntos y lanzar sus \u00faltimas novedades<\/i><\/span><\/strong><\/p>\n<p style=\"text-align: justify;\"><strong><span style=\"color: #000000;\">Barcelona, Febrero de 2012- <\/span><\/strong><span style=\"color: #000000;\">El distribuidor DSA ha firmado un acuerdo de distribuci\u00f3n con Acronis, por el cual distribuir\u00e1 los productos del fabricante en Espa\u00f1a. Acronis es el principal proveedor de soluciones de recuperaci\u00f3n de desastres y protecci\u00f3n de datos de f\u00e1cil gesti\u00f3n e implementaci\u00f3n tanto en entornos f\u00edsicos, virtuales y en el Cloud.<\/span><\/p>\n<p style=\"text-align: justify;\"><span style=\"color: #000000;\">\u00a0Su tecnolog\u00eda patentada de im\u00e1genes de disco permite que las corporaciones, las pymes y los consumidores protejan sus recursos digitales. Con el software de recuperaci\u00f3n de desastres, implementaci\u00f3n y migraci\u00f3n de Acronis, los usuarios protegen su informaci\u00f3n digital, mantienen la continuidad empresarial y reducen el tiempo de inactividad.<\/span><\/p>\n<p style=\"text-align: justify;\"><span style=\"color: #000000;\">\u00a0Entre sus \u00faltimas novedades, destaca Acronis vmProtect 6, dise\u00f1ado espec\u00edficamente para VMware vSphere\u2122 y especialmente en un entorno virtualizado en el que la consolidaci\u00f3n y la mayor eficiencia ayudan a las organizaciones a responder con mayor rapidez a las oportunidades de negocio. Proporciona una soluci\u00f3n muy f\u00e1cil de usar para realizar las tareas de copia de seguridad y recuperaci\u00f3n en un entorno virtual. Sus caracter\u00edsticas principales son: soluci\u00f3n especializada para VMware, reducci\u00f3n de la ventana de backup y tiempo de recuperaci\u00f3n, recuperaci\u00f3n granular, f\u00e1cil y r\u00e1pida implementaci\u00f3n, backup sin necesidad de agentes, LAN Free backup, interfaz intuitiva, migraciones P2V y V2V ilimitadas.<\/span><\/p>\n","protected":false},"excerpt":{"rendered":"<p>Reseller y fabricante estrechan lazos para desarrollar proyectos conjuntos y lanzar sus \u00faltimas novedades Barcelona, Febrero de 2012- El distribuidor DSA ha firmado un acuerdo de distribuci\u00f3n con Acronis, por el cual distribuir\u00e1 los productos del fabricante en Espa\u00f1a. Acronis es el principal proveedor de soluciones de recuperaci\u00f3n de desastres y protecci\u00f3n de datos de &hellip; <\/p>\n<p><a class=\"more-link block-button\" href=\"https:\/\/dsav.net\/index.php\/dsa-nuevo-distribuidor-de-acronis-feb-2012\/\">Continuar leyendo &raquo;<\/a><\/p>\n","protected":false},"author":3,"featured_media":0,"parent":0,"menu_order":0,"comment_status":"closed","ping_status":"open","template":"template-onecolumn.php","meta":{"footnotes":""},"class_list":["post-132","page","type-page","status-publish","hentry","nodate"],"aioseo_notices":[],"_links":{"self":[{"href":"https:\/\/dsav.net\/index.php\/wp-json\/wp\/v2\/pages\/132","targetHints":{"allow":["GET"]}}],"collection":[{"href":"https:\/\/dsav.net\/index.php\/wp-json\/wp\/v2\/pages"}],"about":[{"href":"https:\/\/dsav.net\/index.php\/wp-json\/wp\/v2\/types\/page"}],"author":[{"embeddable":true,"href":"https:\/\/dsav.net\/index.php\/wp-json\/wp\/v2\/users\/3"}],"replies":[{"embeddable":true,"href":"https:\/\/dsav.net\/index.php\/wp-json\/wp\/v2\/comments?post=132"}],"version-history":[{"count":0,"href":"https:\/\/dsav.net\/index.php\/wp-json\/wp\/v2\/pages\/132\/revisions"}],"wp:attachment":[{"href":"https:\/\/dsav.net\/index.php\/wp-json\/wp\/v2\/media?parent=132"}],"curies":[{"name":"wp","href":"https:\/\/api.w.org\/{rel}","templated":true}]}}