{"id":13,"date":"2013-01-22T18:46:07","date_gmt":"2013-01-22T17:46:07","guid":{"rendered":"https:\/\/dsav.net\/web\/?page_id=13"},"modified":"2021-04-26T11:53:45","modified_gmt":"2021-04-26T10:53:45","slug":"quienes-somos","status":"publish","type":"page","link":"https:\/\/dsav.net\/index.php\/quienes-somos\/","title":{"rendered":"Qui\u00e9nes somos"},"content":{"rendered":"<p><img loading=\"lazy\" decoding=\"async\" width=\"920\" height=\"200\" class=\" wp-image-415 alignnone colorbox-13\" src=\"https:\/\/dsav.net\/wp-content\/uploads\/2013\/01\/imatge_quienes_somos1.jpg\" alt=\"imatge_quienes_somos\" srcset=\"https:\/\/dsav.net\/wp-content\/uploads\/2013\/01\/imatge_quienes_somos1.jpg 920w, https:\/\/dsav.net\/wp-content\/uploads\/2013\/01\/imatge_quienes_somos1-300x65.jpg 300w\" sizes=\"auto, (max-width: 920px) 100vw, 920px\" \/><\/p>\n<div class=\"container description\">\n<div class=\"text-logo\">\n<p><strong><span style=\"color: #339966;\">D.S.A<\/span><\/strong> \u2013<strong><span style=\"color: #000000;\"> Distribuidora de Servicios Antivirus S.L<\/span><\/strong>, fue fundada en 1998 para ofrecer un servicio completo de venta, instalaci\u00f3n y asesoramiento sobre productos antivirus y herramientas de seguridad inform\u00e1tica.<\/p>\n<p>Actualmente tenemos una amplia gama de productos de reconocidos fabricantes:<br \/>\n&#8211; Antivirus \/ Antispyware \/ Antispam<br \/>\n&#8211; Protecci\u00f3n de Datos<br \/>\n&#8211; An\u00e1lisis de vulnerabilidades y auditor\u00edas<br \/>\n&#8211; Seguridad en la red (cortafuegos, UTM, prevenci\u00f3n de intrusismo)<br \/>\n&#8211; Backups<br \/>\n&#8211; Archivado de correo<\/p>\n<p>Nuestro porfolio incluye las siguientes marcas: <strong>McAfee, Hornetsecurity, Kaspersky, Eset Nod32, Acronis, GFI, S3 y Forcepoint.<\/strong><\/p>\n<p><span style=\"color: #339966;\"><strong>D.S.A.<\/strong><\/span> tiene un equipo comercial con profesionales que orientan a los clientes sobre el producto m\u00e1s adecuado para sus necesidades y cuenta, tambi\u00e9n, con personal t\u00e9cnico altamente cualificado con experiencia en el dimensionado e instalaci\u00f3n de los mismos<\/p>\n<p>Desde su fundaci\u00f3n, la empresa ha demostrado gran seriedad y aprecio en el sector, y ha obtenido diversos premios concedidos por las marcas que representa.<\/p>\n<\/div>\n<\/div>\n<p>&nbsp;<\/p>\n<p>S\u00edguenos en:<\/p>\n<p><span style=\"color: #333399;\"><strong><a style=\"color: #333399;\" href=\"https:\/\/www.facebook.com\/pages\/DSA\/1410112149291558\" target=\"_blank\" rel=\"noopener\">Facebook<\/a><\/strong><\/span><\/p>\n<p><span style=\"color: #00ccff;\"><strong><a style=\"color: #00ccff;\" href=\"https:\/\/twitter.com\/dsa_dsav\" target=\"_blank\" rel=\"noopener\">Twitter<\/a><\/strong><\/span><\/p>\n<p><span style=\"color: #3366ff;\"><strong><a style=\"color: #3366ff;\" href=\"https:\/\/www.linkedin.com\/company\/5043221?trk=tyah&amp;trkInfo=idx%3A2-1-2%2CtarId%3A1425039906657%2Ctas%3Adsa+distri\" target=\"_blank\" rel=\"noopener\">Linkedin<\/a><\/strong><\/span><\/p>\n","protected":false},"excerpt":{"rendered":"<p>D.S.A \u2013 Distribuidora de Servicios Antivirus S.L, fue fundada en 1998 para ofrecer un servicio completo de venta, instalaci\u00f3n y asesoramiento sobre productos antivirus y herramientas de seguridad inform\u00e1tica. Actualmente tenemos una amplia gama de productos de reconocidos fabricantes: &#8211; Antivirus \/ Antispyware \/ Antispam &#8211; Protecci\u00f3n de Datos &#8211; An\u00e1lisis de vulnerabilidades y auditor\u00edas &hellip; <\/p>\n<p><a class=\"more-link block-button\" href=\"https:\/\/dsav.net\/index.php\/quienes-somos\/\">Continuar leyendo &raquo;<\/a><\/p>\n","protected":false},"author":3,"featured_media":903,"parent":0,"menu_order":5,"comment_status":"closed","ping_status":"open","template":"template-onecolumn.php","meta":{"footnotes":""},"class_list":["post-13","page","type-page","status-publish","has-post-thumbnail","hentry","nodate"],"aioseo_notices":[],"_links":{"self":[{"href":"https:\/\/dsav.net\/index.php\/wp-json\/wp\/v2\/pages\/13","targetHints":{"allow":["GET"]}}],"collection":[{"href":"https:\/\/dsav.net\/index.php\/wp-json\/wp\/v2\/pages"}],"about":[{"href":"https:\/\/dsav.net\/index.php\/wp-json\/wp\/v2\/types\/page"}],"author":[{"embeddable":true,"href":"https:\/\/dsav.net\/index.php\/wp-json\/wp\/v2\/users\/3"}],"replies":[{"embeddable":true,"href":"https:\/\/dsav.net\/index.php\/wp-json\/wp\/v2\/comments?post=13"}],"version-history":[{"count":0,"href":"https:\/\/dsav.net\/index.php\/wp-json\/wp\/v2\/pages\/13\/revisions"}],"wp:featuredmedia":[{"embeddable":true,"href":"https:\/\/dsav.net\/index.php\/wp-json\/wp\/v2\/media\/903"}],"wp:attachment":[{"href":"https:\/\/dsav.net\/index.php\/wp-json\/wp\/v2\/media?parent=13"}],"curies":[{"name":"wp","href":"https:\/\/api.w.org\/{rel}","templated":true}]}}