{"id":106,"date":"2013-01-31T12:02:59","date_gmt":"2013-01-31T11:02:59","guid":{"rendered":"https:\/\/dsav.net\/web\/?page_id=106"},"modified":"2013-05-07T01:08:45","modified_gmt":"2013-05-07T00:08:45","slug":"seguridad-conectada-con-dsa-y-mcafee-oct-2012","status":"publish","type":"page","link":"https:\/\/dsav.net\/index.php\/seguridad-conectada-con-dsa-y-mcafee-oct-2012\/","title":{"rendered":"Seguridad conectada con DSA y McAFEE (Oct 2012)"},"content":{"rendered":"<p style=\"text-align: justify;\"><strong><span style=\"color: #000000;\"><i>Partner y fabricante organizan la cuarta edici\u00f3n del DSA Security Symposium y re\u00fanen a un buen n\u00famero de clientes<\/i><\/span><\/strong><\/p>\n<p style=\"text-align: justify;\"><span style=\"color: #000000;\"><b>Barcelona, Octubre de 2012-<\/b> El distribuidor DSA ha organizado conjuntamente con McAfee una jornada centrada en la seguridad en la empresa. En esta cuarta edici\u00f3n se ha prestado especial atenci\u00f3n a la consola de McAfee EPO, que es el centro de conectividad y seguridad entre todas las soluciones de McAfee, tanto de red como de puesto \u00abMcAfee Security Connected\u00bb. De esta manera, se pudieron ver diversos elementos que se pueden gestionar a trav\u00e9s de esta consola (host, perimetrales, red, nube, etc). Adem\u00e1s, se trataron otros temas de inter\u00e9s como la tecnolog\u00eda MOVE para entornos virtualizados, el McAfee Firewall (la soluci\u00f3n de cortafuegos capa 7) o el Application Control, para el blindaje del sistema operativo.<\/span><\/p>\n<p style=\"text-align: justify;\"><span style=\"color: #000000;\">Como explica Antonio Salazar, director comercial de DSA: <\/span><i style=\"color: #000000;\">\u201cEn este evento lo que pretendemos, por un lado, es que nuestros clientes tengan una visi\u00f3n general de McAfee y de los productos que les puede ofrecer para mejorar la seguridad en su red. Por otro, profundizamos en las soluciones que m\u00e1s les pueden interesar al rellenar los formularios de encuentros anteriores. Tambi\u00e9n considero muy importante el contacto que se produce al final del evento cuando los clientes pueden preguntar a los t\u00e9cnicos las mejores soluciones para sus problemas, de una forma totalmente personalizada, y en un ambiente relajado y distendido\u201d.<\/i><\/p>\n<p style=\"text-align: justify;\"><span style=\"color: #000000;\">El DSA Security Symposium cuenta ya con tres ediciones anteriores a sus espaldas en las que ha conseguido lleno absoluto de los clientes finales que trabajan con McAfee. Se han centrado en las soluciones de McAfee Endpoint, para conocer de manera pr\u00e1ctica c\u00f3mo optimizar e integrar los procesos de seguridad, garantizando el desarrollo de la actividad empresarial; en las nuevas amenazas que afectan a los entornos virtuales, al cloud computing, y a la seguridad de bases de datos y movilidad; y en los nuevos productos de la alianza Intel-McAfee (Deep Defender), as\u00ed como tambi\u00e9n en la protecci\u00f3n para redes (NAC e IDS) y las plataformas EMM (para m\u00f3viles) y MOVE (gesti\u00f3n de servidores\/ ordenadores virtuales).<\/span><\/p>\n","protected":false},"excerpt":{"rendered":"<p>Partner y fabricante organizan la cuarta edici\u00f3n del DSA Security Symposium y re\u00fanen a un buen n\u00famero de clientes Barcelona, Octubre de 2012- El distribuidor DSA ha organizado conjuntamente con McAfee una jornada centrada en la seguridad en la empresa. En esta cuarta edici\u00f3n se ha prestado especial atenci\u00f3n a la consola de McAfee EPO, &hellip; <\/p>\n<p><a class=\"more-link block-button\" href=\"https:\/\/dsav.net\/index.php\/seguridad-conectada-con-dsa-y-mcafee-oct-2012\/\">Continuar leyendo &raquo;<\/a><\/p>\n","protected":false},"author":3,"featured_media":0,"parent":0,"menu_order":0,"comment_status":"closed","ping_status":"open","template":"template-onecolumn.php","meta":{"footnotes":""},"class_list":["post-106","page","type-page","status-publish","hentry","nodate"],"aioseo_notices":[],"_links":{"self":[{"href":"https:\/\/dsav.net\/index.php\/wp-json\/wp\/v2\/pages\/106","targetHints":{"allow":["GET"]}}],"collection":[{"href":"https:\/\/dsav.net\/index.php\/wp-json\/wp\/v2\/pages"}],"about":[{"href":"https:\/\/dsav.net\/index.php\/wp-json\/wp\/v2\/types\/page"}],"author":[{"embeddable":true,"href":"https:\/\/dsav.net\/index.php\/wp-json\/wp\/v2\/users\/3"}],"replies":[{"embeddable":true,"href":"https:\/\/dsav.net\/index.php\/wp-json\/wp\/v2\/comments?post=106"}],"version-history":[{"count":0,"href":"https:\/\/dsav.net\/index.php\/wp-json\/wp\/v2\/pages\/106\/revisions"}],"wp:attachment":[{"href":"https:\/\/dsav.net\/index.php\/wp-json\/wp\/v2\/media?parent=106"}],"curies":[{"name":"wp","href":"https:\/\/api.w.org\/{rel}","templated":true}]}}